{"id":108,"date":"2023-07-17T16:44:10","date_gmt":"2023-07-17T16:44:10","guid":{"rendered":"urn:uuid:34643966-6266-5332-b031-643233313232"},"modified":"2023-10-04T11:51:04","modified_gmt":"2023-10-04T11:51:04","slug":"politica-privacidade","status":"publish","type":"page","link":"https:\/\/azoresdigitalnomad.org\/pt-pt\/politica-privacidade\/","title":{"rendered":"Pol\u00edtica de privacidade"},"content":{"rendered":"<div class=\"container\">\n<h1>Pol\u00edtica de Privacidade<\/h1>\n<p>A sua privacidade e seguran\u00e7a s\u00e3o importantes para n\u00f3s. \u00c9 a nossa pol\u00edtica respeitar a sua privacidade em rela\u00e7\u00e3o a qualquer informa\u00e7\u00e3o que possamos recolher no nosso site ou noutras plataformas que possu\u00edmos e usamos. A presente declara\u00e7\u00e3o de Pol\u00edtica de Privacidade, em cumprimento com o Regulamento Geral sobre a Prote\u00e7\u00e3o de Dados (RGPD) da Uni\u00e3o Europeia, cont\u00e9m as diretrizes de utiliza\u00e7\u00e3o dos nossos servi\u00e7os e plataformas, com vista a estabelecer uma rela\u00e7\u00e3o de transpar\u00eancia com os seus utilizadores e assegurar a sua privacidade, prote\u00e7\u00e3o e seguran\u00e7a.<\/p>\n<h3>Dados pessoais<\/h3>\n<p>Os dados pessoais referem-se a informa\u00e7\u00f5es de qualquer natureza, disponibilizadas voluntariamente pelos utilizadores dos nossos servi\u00e7os e plataformas. Estes dados podem incluir informa\u00e7\u00f5es como o nome, email, n\u00famero de telefone, morada, data de nascimento e\/ou outras consideradas relevantes. Solicitamos informa\u00e7\u00f5es pessoais apenas quando realmente precisamos delas para lhe fornecer um servi\u00e7o, nomeadamente na subscri\u00e7\u00e3o das nossas newsletters, em formul\u00e1rios de contactos ou em fichas de inscri\u00e7\u00e3o. Fazemo-lo por meios justos e legais, sempre com o seu conhecimento e consentimento.<\/p>\n<p>Apenas retemos as informa\u00e7\u00f5es recolhidas pelo tempo necess\u00e1rio para fornecer o servi\u00e7o solicitado. Os dados pessoais fornecidos pelos utilizadores ser\u00e3o alvo de uma gest\u00e3o rigorosa, sendo tratados com a maior seguran\u00e7a e confidencialidade, com vista a preservar a sua identidade e evitar perdas e roubos, bem como acesso, divulga\u00e7\u00e3o, c\u00f3pia, uso ou modifica\u00e7\u00e3o n\u00e3o autorizados. N\u00e3o partilhamos informa\u00e7\u00f5es de identifica\u00e7\u00e3o pessoal publicamente ou com terceiros sem o seu conhecimento pr\u00e9vio, exceto quando exigido por lei.<\/p>\n<h3>Hiperliga\u00e7\u00f5es (links) a sites de terceiros<\/h3>\n<p>O nosso site pode conter hiperliga\u00e7\u00f5es (links) para sites externos que n\u00e3o s\u00e3o operados por n\u00f3s. Esteja ciente de que n\u00e3o temos controlo sobre o conte\u00fado e pr\u00e1ticas utilizadas por esses sites, pelo que n\u00e3o nos responsabilizamos pelas pol\u00edticas de privacidade adoptadas pelos mesmos, sendo por isso aconselh\u00e1vel a sua respetiva consulta e leitura.<\/p>\n<h3>Cookies<\/h3>\n<p>Como \u00e9 pr\u00e1tica comum em quase todos os sites, este site poder\u00e1 utilizar cookies, que s\u00e3o pequenos arquivos armazenados no seu computador, retendo informa\u00e7\u00e3o relacionada com as suas prefer\u00eancias para melhorar a sua experi\u00eancia de utiliza\u00e7\u00e3o. Estes cookies s\u00e3o apenas utilizados para recolher e guardar informa\u00e7\u00e3o, de forma a aumentar o desempenho e efici\u00eancia e poder prestar um servi\u00e7o mais personalizado e ao gosto e prefer\u00eancia dos utilizadores. A utiliza\u00e7\u00e3o de cookies poder\u00e1 basear-se no endere\u00e7o IP, localiza\u00e7\u00e3o geogr\u00e1fica, tipo de browser utilizado, dura\u00e7\u00e3o da visita e p\u00e1ginas mais visitadas, estimar os n\u00edveis de utiliza\u00e7\u00e3o dos servi\u00e7os, entre outros. Desta forma, \u00e9 poss\u00edvel avaliar o desempenho do site numa perspetiva de atualiza\u00e7\u00e3o e melhoria constantes, para que se possa satisfazer os gostos e as necessidades do utilizador de forma a fornecer um melhor servi\u00e7o no \u00e2mbito da utiliza\u00e7\u00e3o dos servi\u00e7os e plataformas. A cada utilizador corresponde um cookie individual, garantindo desta forma a privacidade e a seguran\u00e7a dos dados. Pode ainda desativar os cookies atrav\u00e9s das defini\u00e7\u00f5es do seu pr\u00f3prio navegador. Para saber informa\u00e7\u00f5es mais detalhadas sobre a gest\u00e3o de cookies no seu navegador, consulte a p\u00e1gina oficial do mesmo.<\/p>\n<h3>Cookies de Terceiros<\/h3>\n<p>Tamb\u00e9m utilizamos cookies fornecidos por terceiros confi\u00e1veis e indispens\u00e1veis para o seu funcionamento, nomeadamente: Google Analytics &#8211; \u00e9 uma das solu\u00e7\u00f5es de an\u00e1lise mais difundidas e confi\u00e1veis da internet, para nos ajudar a entender como usa o site e como podemos melhorar a sua experi\u00eancia. Rank Math \u2013 \u00e9 uma solu\u00e7\u00e3o para melhorar e otimizar o desempenho deste website em motores de pesquisa. Para mais informa\u00e7\u00f5es sobre cookies de terceiros, consulte as suas p\u00e1ginas oficiais.<\/p>\n<h3>Newsletter<\/h3>\n<p>A responsabilidade de envio de mensagens de correio eletr\u00f3nico \u00e9 exclusivamente nossa pelo que os seus dados nunca ser\u00e3o partilhados com terceiros. S\u00e3o garantidos os direitos de acesso, retifica\u00e7\u00e3o, cancelamento e oposi\u00e7\u00e3o, de acordo com a lei, aos nossos estimados clientes. O exerc\u00edcio dos ditos direitos dever\u00e1 realizar-se atrav\u00e9s de qualquer meio que o utilizador considere pertinente. Utilizamos as informa\u00e7\u00f5es que forneceu no formul\u00e1rio de subscri\u00e7\u00e3o da nossa newsletter para estar em contacto consigo e mant\u00ea-lo a par das nossas iniciativas e atividades. Pode mudar de ideias a qualquer momento clicando no link de anular a subscri\u00e7\u00e3o no rodap\u00e9 do e-mail que recebe, ou contatando-nos atrav\u00e9s do email daniel.assuncao@cm-saoroquedopico.pt. Iremos tratar a sua informa\u00e7\u00e3o pessoal com respeito.<\/p>\n<h3>Compromisso de Utilizador<\/h3>\n<p>O utilizador compromete-se a usar adequadamente conte\u00fados e informa\u00e7\u00f5es que oferecemos no site e com car\u00e1ter enunciativo, mas n\u00e3o limitativo: N\u00e3o se envolver em atividades que sejam ilegais ou contr\u00e1rias \u00e0 boa-f\u00e9 e \u00e0 ordem p\u00fablica; N\u00e3o difundir propaganda ou conte\u00fados de natureza racista, xenof\u00f3bica, qualquer tipo de pornografia ilegal, de apologia ao terrorismo ou contra os direitos humanos; N\u00e3o provocar danos nos nossos hardwares e software, dos fornecedores ou terceiros, para introduzir ou disseminar v\u00edrus inform\u00e1ticos ou quaisquer outros sistemas de hardware ou software que sejam capazes de provocar danos anteriormente mencionados.<\/p>\n<h3>Altera\u00e7\u00f5es na Pol\u00edtica de Privacidade<\/h3>\n<p>A presente Pol\u00edtica de Privacidade est\u00e1 sujeita a altera\u00e7\u00f5es, sempre que tal se considere necess\u00e1rio. Desta forma, recomendamos que visite periodicamente esta p\u00e1gina para que tenha conhecimento das atualiza\u00e7\u00f5es mais recentes.<\/p>\n<h3>Aceita\u00e7\u00e3o e consentimento<\/h3>\n<p>Ao utilizar os nossos servi\u00e7os e plataformas, nomeadamente o nosso site, assume a responsabilidade de que tem conhecimento e concorda com todos os termos e condi\u00e7\u00f5es da presente Pol\u00edtica de Privacidade.<\/p>\n<h3>Contactos<\/h3>\n<p>Em caso de d\u00favidas relativamente \u00e0 presente declara\u00e7\u00e3o ou para a obten\u00e7\u00e3o de esclarecimentos adicionais, contacte-nos atrav\u00e9s do email epd@cm-saoroquedopico.pt \u00daltima atualiza\u00e7\u00e3o: 17\/07\/2023<\/p>\n<\/div>\n","protected":false},"excerpt":{"rendered":"<p>Pol\u00edtica de Privacidade A sua privacidade e seguran\u00e7a s\u00e3o importantes para n\u00f3s. \u00c9 a nossa pol\u00edtica respeitar a sua privacidade em rela\u00e7\u00e3o a qualquer informa\u00e7\u00e3o que possamos recolher no nosso site ou noutras plataformas que possu\u00edmos e usamos. A presente declara\u00e7\u00e3o de Pol\u00edtica de Privacidade, em cumprimento com o Regulamento Geral sobre a Prote\u00e7\u00e3o de [&hellip;]<\/p>\n","protected":false},"author":1,"featured_media":0,"parent":0,"menu_order":0,"comment_status":"closed","ping_status":"open","template":"","meta":{"_acf_changed":false,"footnotes":""},"class_list":["post-108","page","type-page","status-publish","hentry"],"acf":[],"_links":{"self":[{"href":"https:\/\/azoresdigitalnomad.org\/pt-pt\/wp-json\/wp\/v2\/pages\/108","targetHints":{"allow":["GET"]}}],"collection":[{"href":"https:\/\/azoresdigitalnomad.org\/pt-pt\/wp-json\/wp\/v2\/pages"}],"about":[{"href":"https:\/\/azoresdigitalnomad.org\/pt-pt\/wp-json\/wp\/v2\/types\/page"}],"author":[{"embeddable":true,"href":"https:\/\/azoresdigitalnomad.org\/pt-pt\/wp-json\/wp\/v2\/users\/1"}],"replies":[{"embeddable":true,"href":"https:\/\/azoresdigitalnomad.org\/pt-pt\/wp-json\/wp\/v2\/comments?post=108"}],"version-history":[{"count":4,"href":"https:\/\/azoresdigitalnomad.org\/pt-pt\/wp-json\/wp\/v2\/pages\/108\/revisions"}],"predecessor-version":[{"id":115,"href":"https:\/\/azoresdigitalnomad.org\/pt-pt\/wp-json\/wp\/v2\/pages\/108\/revisions\/115"}],"wp:attachment":[{"href":"https:\/\/azoresdigitalnomad.org\/pt-pt\/wp-json\/wp\/v2\/media?parent=108"}],"curies":[{"name":"wp","href":"https:\/\/api.w.org\/{rel}","templated":true}]}}